{"id":713,"date":"2023-03-25T10:56:51","date_gmt":"2023-03-25T08:56:51","guid":{"rendered":"https:\/\/biolat.lv\/?page_id=713"},"modified":"2023-04-13T17:14:12","modified_gmt":"2023-04-13T14:14:12","slug":"publikacijas","status":"publish","type":"page","link":"https:\/\/biolat.lv\/en_GB\/publikacijas\/","title":{"rendered":"Publications"},"content":{"rendered":"<section class=\"wpb-content-wrapper\"><p>[vc_row][vc_column][\/vc_column][\/vc_row][vc_row][vc_column][vc_column_text]<\/p>\n<h3 class=\"cc-m-download-title\"><strong>Influence of spruce needle polyprenols on rat behavior and muscle tone altered by atorvastatin<\/strong><\/h3>\n<div class=\"cc-m-download-description\">\u017durn\u0101ls &#8211; PROCEEDINGS OF THE LATVIAN ACADEMY OF SCIENCES<br \/>\nAutori: Baiba Jansone, Zane Dzirkale , Kaspars Jekabsons, Vladimirs Pilipenko, Ulrika Beitnere, Ugis Kletnieks, Ilona Vanaga, Ruta Muceniece, Vija Klusa<\/div>\n<div class=\"cc-m-download-file\">\n<div class=\"cc-m-download-file-name\">Influence of spruce polyprenols on rat b<\/div>\n<div class=\"cc-m-download-file-info\"><span class=\"cc-m-download-file-type\">Adobe Acrobat Document<\/span>\u00a0<span class=\"cc-m-download-file-size\">798.6 KB<\/span><\/div>\n<div><\/div>\n<div><\/div>\n<\/div>\n<p>[\/vc_column_text]<a class=\"button full-rounded green\" href=\"https:\/\/biolat.lv\/wp-content\/uploads\/2023\/03\/Influence-of-spruce-polyprenols-on-rat-behavior-and-muscle-tone-altered-by-atorvastatin-1.pdf\" target=\"_blank\"  ><span>Download<\/span><\/a>[vc_zigzag css=&#8221;.vc_custom_1679734032314{margin-top: 20px !important;margin-bottom: 20px !important;}&#8221;][\/vc_column][\/vc_row][vc_row][vc_column][vc_column_text]<\/p>\n<h3 class=\"cc-m-download-title\">Utilisation of coniferous non-wood tree biomass \u2013 short history<\/h3>\n<div class=\"cc-m-download-description\">\u017durn\u0101ls &#8211; BALTIC FORESTRY<br \/>\nAutori: M\u0101ris Daugavietis, Ilona Vanaga, U\u0123is Kl\u0113tnieks<\/div>\n<div class=\"cc-m-download-file\">\n<div class=\"cc-m-download-file-name\">Utilisation of coniferous non-wood tree<\/div>\n<div class=\"cc-m-download-file-info\"><span class=\"cc-m-download-file-type\">Adobe Acrobat Document<\/span>\u00a0<span class=\"cc-m-download-file-size\">345.2 KB<\/span><\/div>\n<div><\/div>\n<\/div>\n<p>[\/vc_column_text][\/vc_column][\/vc_row][vc_row][vc_column]<a class=\"button full-rounded green\" href=\"https:\/\/biolat.lv\/wp-content\/uploads\/2023\/03\/Utilisation-of-coniferous-non-wood-tree-biomass-\u2013-short-history-1.pdf\" target=\"_self\"  ><span>Download<\/span><\/a>[vc_zigzag css=&#8221;.vc_custom_1679734032314{margin-top: 20px !important;margin-bottom: 20px !important;}&#8221;][vc_column_text]<\/p>\n<h3 class=\"cc-m-download-title\">Pilot study of safety and efficacy of polyprenols in combination with coenzyme Q10 in patients with statin-induced myopathy<\/h3>\n<div class=\"cc-m-download-description\">\n<div class=\"cc-m-download-description\">\u017durn\u0101ls &#8211; Medicina<br \/>\nAutori: Gustavs Latkovskis, Vita Saripo, Emma Sokolova, Dana Upite, Ilona Vanaga, Ugis Kletnieks, Andrejs Erglis<\/div>\n<div class=\"cc-m-download-file\">\n<div class=\"cc-m-download-file-name\">Pilot study of safety and efficacy of po<\/div>\n<div class=\"cc-m-download-file-info\"><span class=\"cc-m-download-file-type\">Adobe Acrobat Document<\/span>\u00a0<span class=\"cc-m-download-file-size\">739.7 KB<\/span><\/div>\n<\/div>\n<\/div>\n<div class=\"cc-m-download-file\"><\/div>\n<p>[\/vc_column_text]<a class=\"button full-rounded green\" href=\"https:\/\/biolat.lv\/wp-content\/uploads\/2023\/03\/Pilot-study-of-safety-and-efficacy-of-polyprenols-in-combination-with-coenzyme-Q10-in-patients-with-statin-induced-myopathy-1.pdf\" target=\"_self\"  ><span>Download<\/span><\/a>[vc_zigzag css=&#8221;.vc_custom_1679734032314{margin-top: 20px !important;margin-bottom: 20px !important;}&#8221;][vc_column_text]<\/p>\n<h3 class=\"cc-m-download-title\">Prie\u017eu un eg\u013cu skujas \u2013 cilv\u0113ka un augu vesel\u012bbai<\/h3>\n<div class=\"cc-m-download-description\">\n<div class=\"cc-m-download-description\">M\u0101jas VIESIS \u017durn\u0101ls \u0123imenei Numurs 111(3720) 24.04.2009<\/div>\n<\/div>\n<div class=\"cc-m-download-file\"><\/div>\n<p>[\/vc_column_text]<a class=\"button full-rounded green\" href=\"https:\/\/biolat.lv\/lv\/priezu-un-eglu-skujas-cilveka-un-augu-veselibai\/\" target=\"_self\"  ><span>Read more<\/span><\/a>[vc_zigzag css=&#8221;.vc_custom_1679734032314{margin-top: 20px !important;margin-bottom: 20px !important;}&#8221;][vc_column_text]<\/p>\n<h3 class=\"cc-m-download-title\">Priede, egle pal\u012bdz\u0113s! Skuj\u0101s \u2013 viss vajadz\u012bgais<\/h3>\n<div class=\"cc-m-download-description\">\n<div class=\"cc-m-download-description\">Taka, Janv\u0101ris 2009.g.<\/div>\n<\/div>\n<div class=\"cc-m-download-file\"><\/div>\n<p>[\/vc_column_text]<a class=\"button full-rounded green\" href=\"https:\/\/biolat.lv\/lv\/priede-egle-palidzes-skujas-viss-vajadzigais\/\" target=\"_self\"  ><span>Read more<\/span><\/a>[vc_zigzag css=&#8221;.vc_custom_1679734032314{margin-top: 20px !important;margin-bottom: 20px !important;}&#8221;][\/vc_column][\/vc_row]<\/p>\n<\/section>","protected":false},"excerpt":{"rendered":"<p>[vc_row][vc_column][crum_vc_attach_cats transient_id=\"fd50f135-8c6e-7\"][\/vc_column][\/vc_row][vc_row][vc_column][vc_column_text]<\/p>\n<h3 class=\"cc-m-download-title\"><strong>Influence of spruce needle polyprenols on rat behavior and muscle tone altered by&#8230;<\/p>\n","protected":false},"author":1,"featured_media":0,"parent":0,"menu_order":0,"comment_status":"closed","ping_status":"closed","template":"","meta":{"footnotes":""},"class_list":["post-713","page","type-page","status-publish","hentry"],"_links":{"self":[{"href":"https:\/\/biolat.lv\/en_GB\/wp-json\/wp\/v2\/pages\/713","targetHints":{"allow":["GET"]}}],"collection":[{"href":"https:\/\/biolat.lv\/en_GB\/wp-json\/wp\/v2\/pages"}],"about":[{"href":"https:\/\/biolat.lv\/en_GB\/wp-json\/wp\/v2\/types\/page"}],"author":[{"embeddable":true,"href":"https:\/\/biolat.lv\/en_GB\/wp-json\/wp\/v2\/users\/1"}],"replies":[{"embeddable":true,"href":"https:\/\/biolat.lv\/en_GB\/wp-json\/wp\/v2\/comments?post=713"}],"version-history":[{"count":11,"href":"https:\/\/biolat.lv\/en_GB\/wp-json\/wp\/v2\/pages\/713\/revisions"}],"predecessor-version":[{"id":996,"href":"https:\/\/biolat.lv\/en_GB\/wp-json\/wp\/v2\/pages\/713\/revisions\/996"}],"wp:attachment":[{"href":"https:\/\/biolat.lv\/en_GB\/wp-json\/wp\/v2\/media?parent=713"}],"curies":[{"name":"wp","href":"https:\/\/api.w.org\/{rel}","templated":true}]}}