{"id":674,"date":"2023-03-25T09:13:46","date_gmt":"2023-03-25T07:13:46","guid":{"rendered":"https:\/\/biolat.lv\/?page_id=674"},"modified":"2023-04-14T08:37:17","modified_gmt":"2023-04-14T05:37:17","slug":"par-mums","status":"publish","type":"page","link":"https:\/\/biolat.lv\/lv\/par-mums\/","title":{"rendered":"Par mums"},"content":{"rendered":"<section class=\"wpb-content-wrapper\"><p>[vc_row][vc_column][vc_column_text]Komp\u0101nijas filozofija atbilst pasaules modernaj\u0101m tendenc\u0113m sint\u0113tisko produktu nomai\u0146ai ar augstv\u0113rt\u012bgiem biolo\u0123iski akt\u012bviem dabas produktiem, kas ieg\u016bti no atjaunojam\u0101m augu valsts izejviel\u0101m pielietojot videi draudz\u012bgas bezatlieku tehnolo\u0123ijas.[\/vc_column_text][\/vc_column][\/vc_row][vc_row][vc_column]<div id=\"isotope\" class=\"isotope col-small-margins\" data-isotope-mode=\"masonry\" data-isotope-col=\"3\" data-lightbox-type=\"gallery\" data-isotope-item-space=\"4\"  ><div class=\"grid-sizer\"><\/div><div class=\"isotope-item grid-sizer\"><div class=\"effect effect-default\"><img decoding=\"async\" src=\"https:\/\/biolat.lv\/wp-content\/uploads\/2023\/04\/silvexpo-first-59-250x250_c.jpg\" alt=\"0\"><div class=\"image-box-content\"><p><a href=\"https:\/\/biolat.lv\/wp-content\/uploads\/2023\/04\/silvexpo-first-59.jpg\" title=\"silvexpo-first-59\" data-lightbox=\"gallery-item\"><i class=\"fa fa-expand\"><\/i><\/a><\/p><\/div><\/div><\/div><div class=\"isotope-item grid-sizer\"><div class=\"effect effect-default\"><img decoding=\"async\" src=\"https:\/\/biolat.lv\/wp-content\/uploads\/2023\/04\/silvexpo-first-25-250x250_c.jpg\" alt=\"1\"><div class=\"image-box-content\"><p><a href=\"https:\/\/biolat.lv\/wp-content\/uploads\/2023\/04\/silvexpo-first-25.jpg\" title=\"silvexpo-first-25\" data-lightbox=\"gallery-item\"><i class=\"fa fa-expand\"><\/i><\/a><\/p><\/div><\/div><\/div><div class=\"isotope-item grid-sizer\"><div class=\"effect effect-default\"><img decoding=\"async\" src=\"https:\/\/biolat.lv\/wp-content\/uploads\/2023\/04\/silvexpo-first-35-250x250_c.jpg\" alt=\"2\"><div class=\"image-box-content\"><p><a href=\"https:\/\/biolat.lv\/wp-content\/uploads\/2023\/04\/silvexpo-first-35.jpg\" title=\"silvexpo-first-35\" data-lightbox=\"gallery-item\"><i class=\"fa fa-expand\"><\/i><\/a><\/p><\/div><\/div><\/div><\/div>[\/vc_column][\/vc_row][vc_row][vc_column][vc_empty_space][\/vc_column][\/vc_row][vc_row][vc_column width=&#8221;1\/2&#8243;][vc_column_text]Ir pier\u0101d\u012bts, ka augi satur visus cilv\u0113ka izdz\u012bvo\u0161anai un vesel\u012bbas nodro\u0161in\u0101\u0161anai nepiecie\u0161am\u0101s vielas. Visbag\u0101t\u0101k\u0101s ar cilv\u0113kam nepiecie\u0161amajiem savienojumiem ir \u0123en\u0113tiski vec\u0101k\u0101s koku sugas, pie kur\u0101m m\u016bsu klimatiskaj\u0101 josl\u0101 pieder skujkoki \u2013 priede, egle, baltegle, kadi\u0137is. Pie \u0161\u0101d\u0101m vec\u0101m sug\u0101m pieder ar\u012b pla\u0161i paz\u012bstamais ginka koks. M\u016b\u017eza\u013c\u0101s koku skujas ir uzskat\u0101mas par l\u0113tu, ekolo\u0123iski t\u012bru un augstv\u0113rt\u012bgu izejvielu avotu medic\u012bnas, kosm\u0113tikas, lopkop\u012bbas, augu aizsardz\u012bbas nozar\u0113s.<\/p>\n<p>[\/vc_column_text][\/vc_column][vc_column width=&#8221;1\/2&#8243;][vc_column_text]AS &#8220;Biolat&#8221;\u00a0pied\u0101v\u0101 gan pol\u0101ros, gan nepol\u0101ros \u0161\u0137\u012bdin\u0101t\u0101jos \u0161\u0137\u012bsto\u0161as ekstraktvielas, k\u0101 ar\u012b ar m\u016bsdienu tehnolo\u0123ij\u0101m no ekstraktiem izdal\u012btas t\u012brvielas p\u0101rtikas, farm\u0101cijas, lauksaimniec\u012bbas u.c. nozar\u0113m, k\u0101 ar\u012b\u00a0gatavus pat\u0113ri\u0146a produktus (sk. sada\u013cu &#8220;Produkti&#8221;).[\/vc_column_text][\/vc_column][\/vc_row][vc_row][vc_column width=&#8221;1\/2&#8243;][vc_column_text]R\u016bp\u0113joties par savu produktu nemain\u012bgu kvalit\u0101ti, nep\u0101rtraukti nodro\u0161in\u0101tu to atbilst\u012bbu klientu v\u0113lm\u0113m un pras\u012bb\u0101m, k\u0101 ar\u012b veiksm\u012bgi konkur\u0113tu tirg\u016b, AS &#8220;BIOLAT&#8221; ir ieviesis kvalit\u0101tes vad\u012bbas sist\u0113mu, ko apliecina 2020. gad\u0101 pie\u0161\u0137irtais ISO 9001:2015 sertifik\u0101ts.<\/p>\n<p>LR P\u0101rtikas un veterin\u0101rais dienests komp\u0101nijai ir izsniedzis \u201cP\u0101rtikas uz\u0146\u0113muma atz\u012b\u0161anas apliec\u012bbu\u201d un pie\u0161\u0137\u012bris atz\u012b\u0161anas numuru A 026132. Produktu ra\u017eo\u0161an\u0101 ir ieviesta HACCP (Hazardz Analysis and Critical Control Points jeb B\u012bstam\u012bbu anal\u012bze un kritiskie kontroles punkti) sist\u0113ma.[\/vc_column_text][\/vc_column][vc_column width=&#8221;1\/2&#8243;][vc_single_image image=&#8221;998&#8243; img_size=&#8221;370&#215;400&#8243; onclick=&#8221;custom_link&#8221; img_link_target=&#8221;_blank&#8221; link=&#8221;https:\/\/biolat.lv\/wp-content\/uploads\/2023\/04\/sertifikats_ISO9001_lat.pdf&#8221;][\/vc_column][\/vc_row]<\/p>\n<\/section>","protected":false},"excerpt":{"rendered":"<p>[vc_row][vc_column][vc_column_text]Komp\u0101nijas filozofija atbilst pasaules modernaj\u0101m tendenc\u0113m sint\u0113tisko produktu nomai\u0146ai ar augstv\u0113rt\u012bgiem biolo\u0123iski akt\u012bviem dabas produktiem, kas ieg\u016bti no atjaunojam\u0101m augu valsts izejviel\u0101m pielietojot videi dr&#8230;<\/p>\n","protected":false},"author":1,"featured_media":0,"parent":0,"menu_order":0,"comment_status":"closed","ping_status":"closed","template":"","meta":{"footnotes":""},"class_list":["post-674","page","type-page","status-publish","hentry"],"_links":{"self":[{"href":"https:\/\/biolat.lv\/lv\/wp-json\/wp\/v2\/pages\/674","targetHints":{"allow":["GET"]}}],"collection":[{"href":"https:\/\/biolat.lv\/lv\/wp-json\/wp\/v2\/pages"}],"about":[{"href":"https:\/\/biolat.lv\/lv\/wp-json\/wp\/v2\/types\/page"}],"author":[{"embeddable":true,"href":"https:\/\/biolat.lv\/lv\/wp-json\/wp\/v2\/users\/1"}],"replies":[{"embeddable":true,"href":"https:\/\/biolat.lv\/lv\/wp-json\/wp\/v2\/comments?post=674"}],"version-history":[{"count":18,"href":"https:\/\/biolat.lv\/lv\/wp-json\/wp\/v2\/pages\/674\/revisions"}],"predecessor-version":[{"id":1021,"href":"https:\/\/biolat.lv\/lv\/wp-json\/wp\/v2\/pages\/674\/revisions\/1021"}],"wp:attachment":[{"href":"https:\/\/biolat.lv\/lv\/wp-json\/wp\/v2\/media?parent=674"}],"curies":[{"name":"wp","href":"https:\/\/api.w.org\/{rel}","templated":true}]}}