{"id":686,"date":"2023-03-25T09:47:23","date_gmt":"2023-03-25T07:47:23","guid":{"rendered":"https:\/\/biolat.lv\/?page_id=686"},"modified":"2023-04-13T17:07:21","modified_gmt":"2023-04-13T14:07:21","slug":"petnieciba","status":"publish","type":"page","link":"https:\/\/biolat.lv\/lv\/petnieciba\/","title":{"rendered":"P\u0113tniec\u012bba"},"content":{"rendered":"<section class=\"wpb-content-wrapper\"><p>[vc_row][vc_column][vc_column_text]AS &#8220;Biolat&#8221; sadarb\u012bb\u0101 ar citiem uz\u0146\u0113mumiem un zin\u0101tnisk\u0101m instit\u016bcij\u0101m akt\u012bvi darbojas p\u0113tniec\u012bbas jom\u0101. Savas inovat\u012bv\u0101s idejas att\u012bsta viet\u0113jos un starptautiskos p\u0113tniec\u012bbas projektos, p\u0113c tam iepaz\u012bstinot sabiedr\u012bbu un attiec\u012bg\u0101s jomas speci\u0101listus popul\u0101rzin\u0101tniskos rakstos un zin\u0101tnisk\u0101s publik\u0101cij\u0101s.<\/p>\n<p>&#8220;Biolat&#8221; aizs\u0101kumi un att\u012bst\u012bba cie\u0161i saist\u012bta ar\u012b ar\u00a0Latvijas Valsts me\u017ezin\u0101tnes instit\u016btu &#8220;Silava&#8221;. Sadarb\u012bb\u0101 ar taj\u0101 str\u0101d\u0101jo\u0161ajiem zin\u0101tniekiem, izstr\u0101d\u0101ti vair\u0101ki produkti, kas savu popularit\u0101ti saglab\u0101ju\u0161i l\u012bdz m\u016bsdien\u0101m.[\/vc_column_text][\/vc_column][\/vc_row][vc_row][vc_column width=&#8221;1\/2&#8243;]<div class=\"text-center \"  ><div class=\"\"><img decoding=\"async\" src=\"https:\/\/biolat.lv\/wp-content\/uploads\/2023\/03\/petnieciba1-200x200_c.png\" style=\"margin-bottom:16px;\" class=\"main-image\"><\/div><\/div><div class=\"text-center\"><a class=\"button full-rounded green\" href=\"https:\/\/biolat.lv\/lv\/category\/prrojekti\/\" target=\"_self\"  ><span>Projekti<\/span><\/a><\/div>[\/vc_column][vc_column width=&#8221;1\/2&#8243;]<div class=\"text-center \" data-animation=\"fadeIn\" ><div class=\"\"><img decoding=\"async\" src=\"https:\/\/biolat.lv\/wp-content\/uploads\/2023\/03\/petnieciba2-200x200_c.png\" style=\"margin-bottom:16px;\" class=\"main-image\"><\/div><\/div><div class=\"text-center\"><a class=\"button full-rounded green\" href=\"https:\/\/biolat.lv\/lv\/publikacijas\/\" target=\"_self\"  ><span>Publik\u0101cijas<\/span><\/a><\/div>[\/vc_column][\/vc_row]<\/p>\n<\/section>","protected":false},"excerpt":{"rendered":"<p>[vc_row][vc_column][vc_column_text]AS &#8220;Biolat&#8221; sadarb\u012bb\u0101 ar citiem uz\u0146\u0113mumiem un zin\u0101tnisk\u0101m instit\u016bcij\u0101m akt\u012bvi darbojas p\u0113tniec\u012bbas jom\u0101. Savas inovat\u012bv\u0101s idejas att\u012bsta viet\u0113jos un starptautiskos p\u0113tniec\u012bbas projektos, p\u0113c tam iepaz\u012bstinot sabi&#8230;<\/p>\n","protected":false},"author":1,"featured_media":0,"parent":0,"menu_order":0,"comment_status":"closed","ping_status":"closed","template":"","meta":{"footnotes":""},"class_list":["post-686","page","type-page","status-publish","hentry"],"_links":{"self":[{"href":"https:\/\/biolat.lv\/lv\/wp-json\/wp\/v2\/pages\/686","targetHints":{"allow":["GET"]}}],"collection":[{"href":"https:\/\/biolat.lv\/lv\/wp-json\/wp\/v2\/pages"}],"about":[{"href":"https:\/\/biolat.lv\/lv\/wp-json\/wp\/v2\/types\/page"}],"author":[{"embeddable":true,"href":"https:\/\/biolat.lv\/lv\/wp-json\/wp\/v2\/users\/1"}],"replies":[{"embeddable":true,"href":"https:\/\/biolat.lv\/lv\/wp-json\/wp\/v2\/comments?post=686"}],"version-history":[{"count":11,"href":"https:\/\/biolat.lv\/lv\/wp-json\/wp\/v2\/pages\/686\/revisions"}],"predecessor-version":[{"id":992,"href":"https:\/\/biolat.lv\/lv\/wp-json\/wp\/v2\/pages\/686\/revisions\/992"}],"wp:attachment":[{"href":"https:\/\/biolat.lv\/lv\/wp-json\/wp\/v2\/media?parent=686"}],"curies":[{"name":"wp","href":"https:\/\/api.w.org\/{rel}","templated":true}]}}