{"id":740,"date":"2023-03-25T12:12:31","date_gmt":"2023-03-25T10:12:31","guid":{"rendered":"https:\/\/biolat.lv\/lv\/?page_id=740"},"modified":"2023-04-13T15:05:03","modified_gmt":"2023-04-13T12:05:03","slug":"razosana","status":"publish","type":"page","link":"https:\/\/biolat.lv\/lv\/razosana\/","title":{"rendered":"Ra\u017eo\u0161ana"},"content":{"rendered":"<section class=\"wpb-content-wrapper\"><p>[vc_row][vc_column][vc_column_text]Sabiedr\u012bbas pamatdarb\u012bba ir augu izcelsmes materi\u0101lu (galvenok\u0101rt, skuju koku za\u013c\u0101s masas) p\u0101rstr\u0101de &#8211; biolo\u0123iski akt\u012bvo vielu izdal\u012b\u0161ana un to iestr\u0101de augstv\u0113rt\u012bgos produktos, kas paredz\u0113ti vesel\u012bbas nostiprin\u0101\u0161anai, uztura bag\u0101tin\u0101\u0161anai, kosm\u0113tikai un kult\u016braugu aizsardz\u012bbai.<\/p>\n<p>Gan izdal\u012bt\u0101s izejvielas, gan gatavos produktus Sabiedr\u012bba realiz\u0113 k\u0101 Latvijas, t\u0101 ar\u012b citu valstu tirgos. Nep\u0101rtraukti Sabiedr\u012bba str\u0101d\u0101 pie p\u0101rstr\u0101des proces\u0101 izdal\u012bto biolo\u0123iski akt\u012bvo vielu zin\u0101tnisk\u0101s izp\u0113tes, jaunu unik\u0101lu produktu izstr\u0101des, eso\u0161\u0101s dabas akt\u012bvo vielu ieguves p\u0101rstr\u0101des tehnolo\u0123ijas optimiz\u0113\u0161anas, k\u0101 ar\u012b virz\u0101s uz jaunas, modern\u0101kas un efekt\u012bv\u0101kas tehnolo\u0123ijas ievie\u0161anu.[\/vc_column_text][\/vc_column][\/vc_row][vc_row][vc_column][vc_single_image image=&#8221;973&#8243; img_size=&#8221;800&#215;600&#8243;][\/vc_column][\/vc_row][vc_row][vc_column][vc_column_text]Nov\u0113rt\u0113jot jaun\u0101k\u0101s tirgus tendences un iesp\u0113jas 2015.gada pavasar\u012b tiek pie\u0146emts l\u0113mums uzs\u0101kt ar\u012b smilts\u0113rk\u0161\u0137u dzinumu un da\u017e\u0101du ogu p\u0101rstr\u0101di. Tika nosl\u0113gti abpus\u0113ji izdev\u012bgi sadarb\u012bbas l\u012bgumi ar vair\u0101kiem ogu audz\u0113t\u0101jiem un p\u0101rstr\u0101d\u0101t\u0101jiem par daudzpus\u012bgu sadarb\u012bbu da\u017e\u0101du jaunu un inovat\u012bvu produktu izstr\u0101d\u0113. \u0160obr\u012bd jau izstr\u0101d\u0101tas eksperiment\u0101las produktu partijas un mekl\u0113ti lab\u0101kie risin\u0101jumi ogu p\u0101rstr\u0101d\u0113.[\/vc_column_text][\/vc_column][\/vc_row][vc_row][vc_column]<div id=\"isotope\" class=\"isotope col-small-margins\" data-isotope-mode=\"masonry\" data-isotope-col=\"3\" data-lightbox-type=\"gallery\" data-isotope-item-space=\"4\"  ><div class=\"grid-sizer\"><\/div><div class=\"isotope-item grid-sizer\"><div class=\"effect effect-default\"><img decoding=\"async\" src=\"https:\/\/biolat.lv\/wp-content\/uploads\/2023\/03\/razosana1-1-250x250_c.jpg\" alt=\"0\"><div class=\"image-box-content\"><p><a href=\"https:\/\/biolat.lv\/wp-content\/uploads\/2023\/03\/razosana1-1.jpg\" title=\"razosana1\" data-lightbox=\"gallery-item\"><i class=\"fa fa-expand\"><\/i><\/a><\/p><\/div><\/div><\/div><div class=\"isotope-item grid-sizer\"><div class=\"effect effect-default\"><img decoding=\"async\" src=\"https:\/\/biolat.lv\/wp-content\/uploads\/2023\/03\/razosana2-1-250x250_c.jpg\" alt=\"1\"><div class=\"image-box-content\"><p><a href=\"https:\/\/biolat.lv\/wp-content\/uploads\/2023\/03\/razosana2-1.jpg\" title=\"razosana2\" data-lightbox=\"gallery-item\"><i class=\"fa fa-expand\"><\/i><\/a><\/p><\/div><\/div><\/div><div class=\"isotope-item grid-sizer\"><div class=\"effect effect-default\"><img decoding=\"async\" src=\"https:\/\/biolat.lv\/wp-content\/uploads\/2023\/03\/razosana3-1-250x250_c.jpg\" alt=\"2\"><div class=\"image-box-content\"><p><a href=\"https:\/\/biolat.lv\/wp-content\/uploads\/2023\/03\/razosana3-1.jpg\" title=\"razosana3\" data-lightbox=\"gallery-item\"><i class=\"fa fa-expand\"><\/i><\/a><\/p><\/div><\/div><\/div><\/div>[\/vc_column][\/vc_row]<\/p>\n<\/section>","protected":false},"excerpt":{"rendered":"<p>[vc_row][vc_column][vc_column_text]Sabiedr\u012bbas pamatdarb\u012bba ir augu izcelsmes materi\u0101lu (galvenok\u0101rt, skuju koku za\u013c\u0101s masas) p\u0101rstr\u0101de &#8211; biolo\u0123iski akt\u012bvo vielu izdal\u012b\u0161ana un to iestr\u0101de augstv\u0113rt\u012bgos produktos, kas paredz\u0113ti vesel\u012bbas nostiprin\u0101\u0161an&#8230;<\/p>\n","protected":false},"author":1,"featured_media":0,"parent":0,"menu_order":0,"comment_status":"closed","ping_status":"closed","template":"","meta":{"footnotes":""},"class_list":["post-740","page","type-page","status-publish","hentry"],"_links":{"self":[{"href":"https:\/\/biolat.lv\/lv\/wp-json\/wp\/v2\/pages\/740","targetHints":{"allow":["GET"]}}],"collection":[{"href":"https:\/\/biolat.lv\/lv\/wp-json\/wp\/v2\/pages"}],"about":[{"href":"https:\/\/biolat.lv\/lv\/wp-json\/wp\/v2\/types\/page"}],"author":[{"embeddable":true,"href":"https:\/\/biolat.lv\/lv\/wp-json\/wp\/v2\/users\/1"}],"replies":[{"embeddable":true,"href":"https:\/\/biolat.lv\/lv\/wp-json\/wp\/v2\/comments?post=740"}],"version-history":[{"count":14,"href":"https:\/\/biolat.lv\/lv\/wp-json\/wp\/v2\/pages\/740\/revisions"}],"predecessor-version":[{"id":981,"href":"https:\/\/biolat.lv\/lv\/wp-json\/wp\/v2\/pages\/740\/revisions\/981"}],"wp:attachment":[{"href":"https:\/\/biolat.lv\/lv\/wp-json\/wp\/v2\/media?parent=740"}],"curies":[{"name":"wp","href":"https:\/\/api.w.org\/{rel}","templated":true}]}}