{"id":830,"date":"2023-03-26T18:53:51","date_gmt":"2023-03-26T15:53:51","guid":{"rendered":"https:\/\/biolat.lv\/?page_id=830"},"modified":"2023-04-28T11:27:48","modified_gmt":"2023-04-28T08:27:48","slug":"biolat","status":"publish","type":"page","link":"https:\/\/biolat.lv\/lv\/","title":{"rendered":"Biolat"},"content":{"rendered":"<section class=\"wpb-content-wrapper\"><p>[vc_row][vc_column]<div class=\" heading-center\"><div class=\"custom-heading   \"  ><h2>Latvijas m\u016b\u017eza\u013cie me\u017ei<\/h2><span class=\"lead\">Bag\u0101t\u012bgs dabasvielu avots vesel\u012bbas nostiprin\u0101\u0161anai<\/span><span class=\"custom-heading-delim\" style=\"width:30px;\"><\/span><\/div><\/div>[vc_single_image image=&#8221;854&#8243; img_size=&#8221;full&#8221; alignment=&#8221;center&#8221;][\/vc_column][\/vc_row][vc_row][vc_column][\/vc_column][\/vc_row][vc_row][vc_column width=&#8221;1\/3&#8243;][vc_column_text]<\/p>\n<div id=\"cc-m-11101006995\" class=\"j-module n j-header \">\n<h2 id=\"cc-m-header-11101006995\" class=\"\">P\u0113tniec\u012bba<\/h2>\n<\/div>\n<div id=\"cc-m-11101013695\" class=\"j-module n j-text \">\n<p>Inovat\u012bvu ideju realiz\u0113\u0161ana izmantojot ilglaic\u012bgu p\u0113t\u012bjumu rezult\u0101tus sadarb\u012bb\u0101 ar Latvijas zin\u0101tniskajam instit\u016bcij\u0101m<\/p>\n<\/div>\n<p>[\/vc_column_text][\/vc_column][vc_column width=&#8221;1\/3&#8243;][vc_column_text]<\/p>\n<div id=\"cc-m-11101007395\" class=\"j-module n j-header \">\n<h2 id=\"cc-m-header-11101007395\" class=\"\">Ra\u017eo\u0161ana<\/h2>\n<\/div>\n<div id=\"cc-m-11101014195\" class=\"j-module n j-text \">\n<p>Kvalitat\u012bvu atjaunojamo Latvijas dabas izejvielu p\u0101rstr\u0101de pielietojot videi draudz\u012bgas bezatlikuma tehnolo\u0123ijas<\/p>\n<\/div>\n<p>[\/vc_column_text][\/vc_column][vc_column width=&#8221;1\/3&#8243;][vc_column_text]<\/p>\n<div id=\"cc-m-11101007695\" class=\"j-module n j-header \">\n<h2 id=\"cc-m-header-11101007695\" class=\"\">Produkti<\/h2>\n<\/div>\n<div id=\"cc-m-11101014295\" class=\"j-module n j-text \">\n<p>Ikvienam pieejami augstv\u0113rt\u012bgi, biolo\u0123iski akt\u012bvi dabas produkti \u0113rt\u0101s form\u0101s dz\u012bves kvalit\u0101tes uzlabo\u0161anai<\/p>\n<\/div>\n<p>[\/vc_column_text][\/vc_column][\/vc_row][vc_row css=&#8221;.vc_custom_1679849204270{margin-top: 50px !important;}&#8221;][vc_column][vc_basic_grid post_type=&#8221;post&#8221; max_items=&#8221;4&#8243; orderby=&#8221;title&#8221; item=&#8221;masonryGrid_SlideFromLeft&#8221; grid_id=&#8221;vc_gid:1680180546249-52fd51059cd96bd7b69e4135c15d3e0a-8&#8243; taxonomies=&#8221;39&#8243;][\/vc_column][\/vc_row]<\/p>\n<\/section>","protected":false},"excerpt":{"rendered":"<p>[vc_row][vc_column][crumina_heading layout=\"underlined\" align=\"center\" heading=\"Latvijas m\u016b\u017eza\u013cie me\u017ei\" subheading=\"Bag\u0101t\u012bgs dabasvielu avots vesel\u012bbas nostiprin\u0101\u0161anai\"][vc_single_image image=&#8221;854&#8243; img_size=&#8221;full&#8221; alignment=&#8221;center&#8221;][\/vc_column][\/&#8230;<\/p>\n","protected":false},"author":1,"featured_media":0,"parent":0,"menu_order":0,"comment_status":"closed","ping_status":"closed","template":"","meta":{"footnotes":""},"class_list":["post-830","page","type-page","status-publish","hentry"],"_links":{"self":[{"href":"https:\/\/biolat.lv\/lv\/wp-json\/wp\/v2\/pages\/830","targetHints":{"allow":["GET"]}}],"collection":[{"href":"https:\/\/biolat.lv\/lv\/wp-json\/wp\/v2\/pages"}],"about":[{"href":"https:\/\/biolat.lv\/lv\/wp-json\/wp\/v2\/types\/page"}],"author":[{"embeddable":true,"href":"https:\/\/biolat.lv\/lv\/wp-json\/wp\/v2\/users\/1"}],"replies":[{"embeddable":true,"href":"https:\/\/biolat.lv\/lv\/wp-json\/wp\/v2\/comments?post=830"}],"version-history":[{"count":12,"href":"https:\/\/biolat.lv\/lv\/wp-json\/wp\/v2\/pages\/830\/revisions"}],"predecessor-version":[{"id":1136,"href":"https:\/\/biolat.lv\/lv\/wp-json\/wp\/v2\/pages\/830\/revisions\/1136"}],"wp:attachment":[{"href":"https:\/\/biolat.lv\/lv\/wp-json\/wp\/v2\/media?parent=830"}],"curies":[{"name":"wp","href":"https:\/\/api.w.org\/{rel}","templated":true}]}}