{"id":837,"date":"2023-03-27T20:16:30","date_gmt":"2023-03-27T17:16:30","guid":{"rendered":"https:\/\/biolat.lv\/?page_id=837"},"modified":"2023-05-11T10:55:55","modified_gmt":"2023-05-11T07:55:55","slug":"kontakti","status":"publish","type":"page","link":"https:\/\/biolat.lv\/lv\/kontakti\/","title":{"rendered":"Kontakti"},"content":{"rendered":"<section class=\"wpb-content-wrapper\"><p>[vc_row][vc_column][vc_column_text]<\/p>\n<h4>Ja v\u0113laties sazin\u0101ties, nos\u016btiet mums zi\u0146u!<\/h4>\n<p>[\/vc_column_text][vc_empty_space][\/vc_column][\/vc_row][vc_row][vc_column]<div class=\"contact-form-module \"><form\r\n\t\t\t\t\taction=\"\/lv\/wp-json\/wp\/v2\/pages\/837\"\r\n\t\t\t\t\tmethod=\"post\"\r\n\t\t\t\t\tname=\"contactForm1680175731539-acec7c78-b6a1\"\r\n\t\t\t\t\tid=\"contactForm1680175731539-acec7c78-b6a1\"\r\n\t\t\t\t\t\r\n\t\t\t        role=\"form\"\r\n\t\t\t        class=\"crumina-contact-form\"\r\n\t\t\t        ><div class=\"row\"><div class=\"col-md-6\"><div class=\"form-group \"><label class=\"control-label upper\" for=\"name1680175731539-acec7c78-b6a1\"> <\/label><input type=\"text\" class=\"form-control required\" name=\"senderName1680175731539-acec7c78-b6a1\" placeholder=\"V\u0101rds\" id=\"name1680175731539-acec7c78-b6a1\" aria-required=\"true\" value=\"\"><\/div><\/div><div class=\"col-md-6\"><div class=\"form-group \"><input type=\"email\" class=\"form-control required email\" name=\"senderEmail1680175731539-acec7c78-b6a1\" placeholder=\"Epasts\" id=\"email1680175731539-acec7c78-b6a1\" aria-required=\"true\" value=\"\"><\/div><\/div><\/div><div class=\"row\"><div class=\"col-md-6\"><div class=\"form-group\"><input type=\"text\" class=\"form-control required\" name=\"phone1680175731539-acec7c78-b6a1\" placeholder=\"T\u0101lrunis\" id=\"phone1680175731539-acec7c78-b6a1\" aria-required=\"true\" value=\"\"><\/div><\/div><div class=\"col-md-6\"><div class=\"form-group\"><input type=\"text\" class=\"form-control required\" name=\"company1680175731539-acec7c78-b6a1\" placeholder=\"Uz\u0146\u0113mums\" id=\"company1680175731539-acec7c78-b6a1\" aria-required=\"true\" value=\"\"><\/div><\/div><\/div><div class=\"row\"><div class=\"col-md-12\"><div class=\"form-group \"><textarea class=\"form-control required\" name=\"comment1680175731539-acec7c78-b6a1\" rows=\"9\" placeholder=\"Zi\u0146a\" id=\"comment1680175731539-acec7c78-b6a1\" aria-required=\"true\"><\/textarea><\/div><\/div><\/div><div class=\"row\"><div class=\"col-md-12\"><div class=\"form-group text-left\"><button class=\"btn btn-primary\" type=\"submit\"><i class=\"fa fa-paper-plane\"><\/i>&nbsp;Nos\u016bt\u012bt<\/button><\/div><\/div><\/div><input type=\"hidden\" name=\"submitted1680175731539-acec7c78-b6a1\" id=\"submitted\" value=\"true\" \/><\/form><\/div>\t\t<div\n\t\t\tclass=\"h-captcha\"\n\t\t\tdata-sitekey=\"\"\n\t\t\tdata-theme=\"\"\n\t\t\tdata-size=\"\"\n\t\t\t\t\t\tdata-auto=\"false\">\n\t\t<\/div>\n\t\t<input type=\"hidden\" id=\"hcaptcha_nonce\" name=\"hcaptcha_nonce\" value=\"26f707f5d3\" \/><input type=\"hidden\" name=\"_wp_http_referer\" value=\"\/lv\/wp-json\/wp\/v2\/pages\/837\" \/>[\/vc_column][\/vc_row]<\/p>\n<\/section>","protected":false},"excerpt":{"rendered":"<p>[vc_row][vc_column][vc_column_text]<\/p>\n<h4>Ja v\u0113laties sazin\u0101ties, nos\u016btiet mums zi\u0146u!<\/h4>\n<p>[\/vc_column_text][vc_empty_space][\/vc_column][\/vc_row][vc_row][vc_column][crumina_contact_form button_text=&#8221;Nos\u016bt\u012bt&#8221; form_id=&#8221;1680175731539-acec7c78-b6a1&#8243; cont&#8230;<\/p>\n","protected":false},"author":1,"featured_media":0,"parent":0,"menu_order":0,"comment_status":"closed","ping_status":"closed","template":"","meta":{"footnotes":""},"class_list":["post-837","page","type-page","status-publish","hentry"],"_links":{"self":[{"href":"https:\/\/biolat.lv\/lv\/wp-json\/wp\/v2\/pages\/837","targetHints":{"allow":["GET"]}}],"collection":[{"href":"https:\/\/biolat.lv\/lv\/wp-json\/wp\/v2\/pages"}],"about":[{"href":"https:\/\/biolat.lv\/lv\/wp-json\/wp\/v2\/types\/page"}],"author":[{"embeddable":true,"href":"https:\/\/biolat.lv\/lv\/wp-json\/wp\/v2\/users\/1"}],"replies":[{"embeddable":true,"href":"https:\/\/biolat.lv\/lv\/wp-json\/wp\/v2\/comments?post=837"}],"version-history":[{"count":21,"href":"https:\/\/biolat.lv\/lv\/wp-json\/wp\/v2\/pages\/837\/revisions"}],"predecessor-version":[{"id":1144,"href":"https:\/\/biolat.lv\/lv\/wp-json\/wp\/v2\/pages\/837\/revisions\/1144"}],"wp:attachment":[{"href":"https:\/\/biolat.lv\/lv\/wp-json\/wp\/v2\/media?parent=837"}],"curies":[{"name":"wp","href":"https:\/\/api.w.org\/{rel}","templated":true}]}}