{"id":954,"date":"2023-04-01T11:39:27","date_gmt":"2023-04-01T08:39:27","guid":{"rendered":"https:\/\/biolat.lv\/?page_id=954"},"modified":"2023-04-01T12:30:02","modified_gmt":"2023-04-01T09:30:02","slug":"skuju-parstrades-produkti","status":"publish","type":"page","link":"https:\/\/biolat.lv\/lv\/skuju-parstrades-produkti\/","title":{"rendered":"Skuju p\u0101rstr\u0101des produkti"},"content":{"rendered":"<section class=\"wpb-content-wrapper\"><p>[vc_row][vc_column]<div class=\"timeline  \"><ul class=\"timeline-circles\"><li><\/li>\r\n<li>\r\n\t<div class=\"timeline-block\">\r\n\r\n\r\n\t\t<div class=\"post-item\">\r\n\t\t\t<div class=\"post-image\"><img loading=\"lazy\" decoding=\"async\" width=\"439\" height=\"330\" src=\"https:\/\/biolat.lv\/wp-content\/uploads\/2023\/03\/ho-fi-orginal1.jpg\" class=\"attachment-large size-large wp-post-image\" alt=\"\" srcset=\"https:\/\/biolat.lv\/wp-content\/uploads\/2023\/03\/ho-fi-orginal1.jpg 439w, https:\/\/biolat.lv\/wp-content\/uploads\/2023\/03\/ho-fi-orginal1-300x226.jpg 300w\" sizes=\"auto, (max-width: 439px) 100vw, 439px\" \/><\/div>\t\t\t<div class=\"post-content-details\">\r\n\t\t\t\t<div class=\"post-title\">\r\n\t\t\t\t\t<h3>\r\n\t\t\t\t\t\t<a href=\"https:\/\/biolat.lv\/lv\/ho-fi-original-veselibas-dzeriens\/\">ho-fi\u00ae\u00a0original vesel\u012bbas dz\u0113riens<\/a>\r\n\t\t\t\t\t<\/h3>\r\n\t\t\t\t<\/div>\r\n\t\t\t\r\n\t\t\t\t\t\t\t<\/div>\r\n\t\t\r\n\t\t<\/div>\r\n\r\n\t<\/div>\r\n<\/li>\r\n\r\n<li>\r\n\t<div class=\"timeline-block\">\r\n\r\n\r\n\t\t<div class=\"post-item\">\r\n\t\t\t<div class=\"post-image\"><img loading=\"lazy\" decoding=\"async\" width=\"436\" height=\"327\" src=\"https:\/\/biolat.lv\/wp-content\/uploads\/2023\/03\/karameles.jpg\" class=\"attachment-large size-large wp-post-image\" alt=\"\" srcset=\"https:\/\/biolat.lv\/wp-content\/uploads\/2023\/03\/karameles.jpg 436w, https:\/\/biolat.lv\/wp-content\/uploads\/2023\/03\/karameles-300x225.jpg 300w\" sizes=\"auto, (max-width: 436px) 100vw, 436px\" \/><\/div>\t\t\t<div class=\"post-content-details\">\r\n\t\t\t\t<div class=\"post-title\">\r\n\t\t\t\t\t<h3>\r\n\t\t\t\t\t\t<a href=\"https:\/\/biolat.lv\/lv\/silvasept-original\/\">Silvasept\u00ae original<\/a>\r\n\t\t\t\t\t<\/h3>\r\n\t\t\t\t<\/div>\r\n\t\t\t\r\n\t\t\t\t\t\t\t<\/div>\r\n\t\t\r\n\t\t<\/div>\r\n\r\n\t<\/div>\r\n<\/li>\r\n\r\n<li>\r\n\t<div class=\"timeline-block\">\r\n\r\n\r\n\t\t<div class=\"post-item\">\r\n\t\t\t<div class=\"post-image\"><img loading=\"lazy\" decoding=\"async\" width=\"337\" height=\"337\" src=\"https:\/\/biolat.lv\/wp-content\/uploads\/2023\/03\/silvasept-1.jpg\" class=\"attachment-large size-large wp-post-image\" alt=\"\" srcset=\"https:\/\/biolat.lv\/wp-content\/uploads\/2023\/03\/silvasept-1.jpg 337w, https:\/\/biolat.lv\/wp-content\/uploads\/2023\/03\/silvasept-1-300x300.jpg 300w, https:\/\/biolat.lv\/wp-content\/uploads\/2023\/03\/silvasept-1-150x150.jpg 150w\" sizes=\"auto, (max-width: 337px) 100vw, 337px\" \/><\/div>\t\t\t<div class=\"post-content-details\">\r\n\t\t\t\t<div class=\"post-title\">\r\n\t\t\t\t\t<h3>\r\n\t\t\t\t\t\t<a href=\"https:\/\/biolat.lv\/lv\/fitoekolsk-40-2\/\">Silvasept\u00ae spray<\/a>\r\n\t\t\t\t\t<\/h3>\r\n\t\t\t\t<\/div>\r\n\t\t\t\r\n\t\t\t\t\t\t\t<\/div>\r\n\t\t\r\n\t\t<\/div>\r\n\r\n\t<\/div>\r\n<\/li>\r\n\r\n<li>\r\n\t<div class=\"timeline-block\">\r\n\r\n\r\n\t\t<div class=\"post-item\">\r\n\t\t\t<div class=\"post-image\"><img loading=\"lazy\" decoding=\"async\" width=\"436\" height=\"436\" src=\"https:\/\/biolat.lv\/wp-content\/uploads\/2023\/03\/poliprenols.jpg\" class=\"attachment-large size-large wp-post-image\" alt=\"\" srcset=\"https:\/\/biolat.lv\/wp-content\/uploads\/2023\/03\/poliprenols.jpg 436w, https:\/\/biolat.lv\/wp-content\/uploads\/2023\/03\/poliprenols-300x300.jpg 300w, https:\/\/biolat.lv\/wp-content\/uploads\/2023\/03\/poliprenols-150x150.jpg 150w\" sizes=\"auto, (max-width: 436px) 100vw, 436px\" \/><\/div>\t\t\t<div class=\"post-content-details\">\r\n\t\t\t\t<div class=\"post-title\">\r\n\t\t\t\t\t<h3>\r\n\t\t\t\t\t\t<a href=\"https:\/\/biolat.lv\/lv\/poliprenoli-kapsulas\/\">Poliprenoli kapsul\u0101s<\/a>\r\n\t\t\t\t\t<\/h3>\r\n\t\t\t\t<\/div>\r\n\t\t\t\r\n\t\t\t\t\t\t\t<\/div>\r\n\t\t\r\n\t\t<\/div>\r\n\r\n\t<\/div>\r\n<\/li>\r\n\r\n<li>\r\n\t<div class=\"timeline-block\">\r\n\r\n\r\n\t\t<div class=\"post-item\">\r\n\t\t\t<div class=\"post-image\"><img loading=\"lazy\" decoding=\"async\" width=\"436\" height=\"291\" src=\"https:\/\/biolat.lv\/wp-content\/uploads\/2023\/03\/egles_ellas.jpg\" class=\"attachment-large size-large wp-post-image\" alt=\"\" srcset=\"https:\/\/biolat.lv\/wp-content\/uploads\/2023\/03\/egles_ellas.jpg 436w, https:\/\/biolat.lv\/wp-content\/uploads\/2023\/03\/egles_ellas-300x200.jpg 300w\" sizes=\"auto, (max-width: 436px) 100vw, 436px\" \/><\/div>\t\t\t<div class=\"post-content-details\">\r\n\t\t\t\t<div class=\"post-title\">\r\n\t\t\t\t\t<h3>\r\n\t\t\t\t\t\t<a href=\"https:\/\/biolat.lv\/lv\/egles_eteriskas_ellas\/\">Egles \u0113terisk\u0101s e\u013c\u013cas<\/a>\r\n\t\t\t\t\t<\/h3>\r\n\t\t\t\t<\/div>\r\n\t\t\t\r\n\t\t\t\t\t\t\t<\/div>\r\n\t\t\r\n\t\t<\/div>\r\n\r\n\t<\/div>\r\n<\/li>\r\n\r\n<li>\r\n\t<div class=\"timeline-block\">\r\n\r\n\r\n\t\t<div class=\"post-item\">\r\n\t\t\t<div class=\"post-image\"><img loading=\"lazy\" decoding=\"async\" width=\"436\" height=\"436\" src=\"https:\/\/biolat.lv\/wp-content\/uploads\/2023\/03\/fitoekols.png\" class=\"attachment-large size-large wp-post-image\" alt=\"\" srcset=\"https:\/\/biolat.lv\/wp-content\/uploads\/2023\/03\/fitoekols.png 436w, https:\/\/biolat.lv\/wp-content\/uploads\/2023\/03\/fitoekols-300x300.png 300w, https:\/\/biolat.lv\/wp-content\/uploads\/2023\/03\/fitoekols-150x150.png 150w\" sizes=\"auto, (max-width: 436px) 100vw, 436px\" \/><\/div>\t\t\t<div class=\"post-content-details\">\r\n\t\t\t\t<div class=\"post-title\">\r\n\t\t\t\t\t<h3>\r\n\t\t\t\t\t\t<a href=\"https:\/\/biolat.lv\/lv\/fitoekolsk-40\/\">Fitoekols K-40<\/a>\r\n\t\t\t\t\t<\/h3>\r\n\t\t\t\t<\/div>\r\n\t\t\t\r\n\t\t\t\t\t\t\t<\/div>\r\n\t\t\r\n\t\t<\/div>\r\n\r\n\t<\/div>\r\n<\/li>\r\n<\/ul><\/div>[\/vc_column][\/vc_row]<\/p>\n<\/section>","protected":false},"excerpt":{"rendered":"<p><!-- wp:paragraph --><\/p>\n<p><!-- \/wp:paragraph --><\/p>\n<p><!-- wp:paragraph --><\/p>\n<p>M\u0113slo\u0161anas l\u012bdzeklis \u201cAugu aug\u0161anas veicin\u0101t\u0101js\u201d ar tirdzniec\u012bbas nosaukumu&nbsp;<strong>\u201cFitoekols K-40\u201d.<\/strong><\/p>\n<p><!-- \/wp:paragraph --><\/p>\n<p><!-- wp:paragraph --><\/p>\n<p><s...\n<\/p>\n","protected":false},"author":1,"featured_media":0,"parent":0,"menu_order":0,"comment_status":"closed","ping_status":"closed","template":"","meta":{"footnotes":""},"class_list":["post-954","page","type-page","status-publish","hentry"],"_links":{"self":[{"href":"https:\/\/biolat.lv\/lv\/wp-json\/wp\/v2\/pages\/954","targetHints":{"allow":["GET"]}}],"collection":[{"href":"https:\/\/biolat.lv\/lv\/wp-json\/wp\/v2\/pages"}],"about":[{"href":"https:\/\/biolat.lv\/lv\/wp-json\/wp\/v2\/types\/page"}],"author":[{"embeddable":true,"href":"https:\/\/biolat.lv\/lv\/wp-json\/wp\/v2\/users\/1"}],"replies":[{"embeddable":true,"href":"https:\/\/biolat.lv\/lv\/wp-json\/wp\/v2\/comments?post=954"}],"version-history":[{"count":7,"href":"https:\/\/biolat.lv\/lv\/wp-json\/wp\/v2\/pages\/954\/revisions"}],"predecessor-version":[{"id":963,"href":"https:\/\/biolat.lv\/lv\/wp-json\/wp\/v2\/pages\/954\/revisions\/963"}],"wp:attachment":[{"href":"https:\/\/biolat.lv\/lv\/wp-json\/wp\/v2\/media?parent=954"}],"curies":[{"name":"wp","href":"https:\/\/api.w.org\/{rel}","templated":true}]}}